{"id":3985,"date":"2026-04-03T08:51:55","date_gmt":"2026-04-03T11:51:55","guid":{"rendered":"https:\/\/www.promostore.com.ar\/web\/producto\/yerbera-obera\/"},"modified":"2026-04-18T09:50:45","modified_gmt":"2026-04-18T12:50:45","slug":"yerbera-obera","status":"publish","type":"product","link":"https:\/\/www.promostore.com.ar\/web\/producto\/yerbera-obera\/","title":{"rendered":"Yerbera Obera"},"content":{"rendered":"<p>Yerbera confeccionada en cuero gamuzado vacuno seleccionado. Su dise\u00f1o artesanal combina resistencia, textura natural y un formato pr\u00e1ctico para transportar hasta 250gr de yerba. Es ideal para uso diario, regalos corporativos o kits de mate personalizados<\/p>\n<p>Al estar fabricado con materiales naturales, el producto puede presentar variaciones en color y tama\u00f1o.<\/p>\n<p>Especificaciones<br \/>\n&#8211; Material: Cuero gamuzado vacuno color \u00f3xido.<br \/>\n&#8211; Cosido a m\u00e1quina con hilo de poli\u00e9ster.<br \/>\n&#8211; Cierre color bronce viejo.<br \/>\n&#8211; Medidas: 19 cm (alto) x 11 cm (ancho)<br \/>\n&#8211; Capacidad: 250gr de yerba<br \/>\n&#8211; Peso: 56gr<\/p>\n<p>Pampa Spirit.<\/p>\n\n    <div class=\"xs_social_share_widget xs_share_url after_content \t\tmain_content  wslu-style-1 wslu-share-box-shaped wslu-fill-colored wslu-none wslu-share-horizontal wslu-theme-font-no wslu-main_content\">\n\n\t\t\n        <ul>\n\t\t\t        <\/ul>\n    <\/div> \n","protected":false},"excerpt":{"rendered":"<p>Yerbera confeccionada en cuero gamuzado vacuno seleccionado. Su dise\u00f1o artesanal combina resistencia, textura natural y un formato pr\u00e1ctico para transportar hasta 250gr de yerba. Es ideal para uso diario, regalos corporativos o kits de mate personalizados Al estar fabricado con materiales naturales, el producto puede presentar variaciones en color y tama\u00f1o. Especificaciones &#8211; Material: Cuero gamuzado vacuno color \u00f3xido. &#8211; Cosido a m\u00e1quina con hilo de poli\u00e9ster. &#8211; Cierre color bronce viejo. &#8211; Medidas: 19 cm (alto) x 11 cm (ancho) &#8211; Capacidad: 250gr de yerba &#8211; Peso: 56gr Pampa Spirit.<\/p>\n","protected":false},"featured_media":3986,"comment_status":"open","ping_status":"closed","template":"","meta":{"postBodyCss":"","postBodyMargin":[],"postBodyPadding":[],"postBodyBackground":{"backgroundType":"classic","gradient":""}},"product_brand":[],"product_cat":[316],"product_tag":[],"class_list":{"0":"post-3985","1":"product","2":"type-product","3":"status-publish","4":"has-post-thumbnail","6":"product_cat-sin-categorizar","8":"first","9":"instock","10":"shipping-taxable","11":"purchasable","12":"product-type-simple"},"_links":{"self":[{"href":"https:\/\/www.promostore.com.ar\/web\/wp-json\/wp\/v2\/product\/3985","targetHints":{"allow":["GET"]}}],"collection":[{"href":"https:\/\/www.promostore.com.ar\/web\/wp-json\/wp\/v2\/product"}],"about":[{"href":"https:\/\/www.promostore.com.ar\/web\/wp-json\/wp\/v2\/types\/product"}],"replies":[{"embeddable":true,"href":"https:\/\/www.promostore.com.ar\/web\/wp-json\/wp\/v2\/comments?post=3985"}],"wp:featuredmedia":[{"embeddable":true,"href":"https:\/\/www.promostore.com.ar\/web\/wp-json\/wp\/v2\/media\/3986"}],"wp:attachment":[{"href":"https:\/\/www.promostore.com.ar\/web\/wp-json\/wp\/v2\/media?parent=3985"}],"wp:term":[{"taxonomy":"product_brand","embeddable":true,"href":"https:\/\/www.promostore.com.ar\/web\/wp-json\/wp\/v2\/product_brand?post=3985"},{"taxonomy":"product_cat","embeddable":true,"href":"https:\/\/www.promostore.com.ar\/web\/wp-json\/wp\/v2\/product_cat?post=3985"},{"taxonomy":"product_tag","embeddable":true,"href":"https:\/\/www.promostore.com.ar\/web\/wp-json\/wp\/v2\/product_tag?post=3985"}],"curies":[{"name":"wp","href":"https:\/\/api.w.org\/{rel}","templated":true}]}}