{"id":3989,"date":"2026-04-03T08:51:57","date_gmt":"2026-04-03T11:51:57","guid":{"rendered":"https:\/\/www.promostore.com.ar\/web\/producto\/boligrafo-spinner\/"},"modified":"2026-04-29T20:49:59","modified_gmt":"2026-04-29T23:49:59","slug":"boligrafo-spinner","status":"publish","type":"product","link":"https:\/\/www.promostore.com.ar\/web\/producto\/boligrafo-spinner\/","title":{"rendered":"Boligrafo Spinner"},"content":{"rendered":"<p>Bol\u00edgrafo de bamb\u00fa y aluminio reciclado. Fabricado con un cuerpo de bamb\u00fa certificado FSC y detalles de aluminio. Cuenta tinta negra, un dise\u00f1o sin clip, y una parte superior giratoria, el rodamiento de bolas de alta calidad ofrece un giro suave e interminable, lo que lo convierte en un calmante para el estr\u00e9s. Es ideal para quienes buscan un bol\u00edgrafo funcional y ecol\u00f3gico que tambi\u00e9n act\u00fae como antiestr\u00e9s, iniciador de conversaciones o herramienta de escritura diaria.<\/p>\n<p>Chili Concept<\/p>\n\n    <div class=\"xs_social_share_widget xs_share_url after_content \t\tmain_content  wslu-style-1 wslu-share-box-shaped wslu-fill-colored wslu-none wslu-share-horizontal wslu-theme-font-no wslu-main_content\">\n\n\t\t\n        <ul>\n\t\t\t        <\/ul>\n    <\/div> \n","protected":false},"excerpt":{"rendered":"<p>Bol\u00edgrafo de bamb\u00fa y aluminio reciclado. Fabricado con un cuerpo de bamb\u00fa certificado FSC y detalles de aluminio. Cuenta tinta negra, un dise\u00f1o sin clip, y una parte superior giratoria, el rodamiento de bolas de alta calidad ofrece un giro suave e interminable, lo que lo convierte en un calmante para el estr\u00e9s. Es ideal para quienes buscan un bol\u00edgrafo funcional y ecol\u00f3gico que tambi\u00e9n act\u00fae como antiestr\u00e9s, iniciador de conversaciones o herramienta de escritura diaria. Chili Concept<\/p>\n","protected":false},"featured_media":3990,"comment_status":"open","ping_status":"closed","template":"","meta":{"postBodyCss":"","postBodyMargin":[],"postBodyPadding":[],"postBodyBackground":{"backgroundType":"classic","gradient":""}},"product_brand":[],"product_cat":[345],"product_tag":[],"class_list":{"0":"post-3989","1":"product","2":"type-product","3":"status-publish","4":"has-post-thumbnail","6":"product_cat-zc-escritura","8":"first","9":"instock","10":"shipping-taxable","11":"purchasable","12":"product-type-simple"},"_links":{"self":[{"href":"https:\/\/www.promostore.com.ar\/web\/wp-json\/wp\/v2\/product\/3989","targetHints":{"allow":["GET"]}}],"collection":[{"href":"https:\/\/www.promostore.com.ar\/web\/wp-json\/wp\/v2\/product"}],"about":[{"href":"https:\/\/www.promostore.com.ar\/web\/wp-json\/wp\/v2\/types\/product"}],"replies":[{"embeddable":true,"href":"https:\/\/www.promostore.com.ar\/web\/wp-json\/wp\/v2\/comments?post=3989"}],"wp:featuredmedia":[{"embeddable":true,"href":"https:\/\/www.promostore.com.ar\/web\/wp-json\/wp\/v2\/media\/3990"}],"wp:attachment":[{"href":"https:\/\/www.promostore.com.ar\/web\/wp-json\/wp\/v2\/media?parent=3989"}],"wp:term":[{"taxonomy":"product_brand","embeddable":true,"href":"https:\/\/www.promostore.com.ar\/web\/wp-json\/wp\/v2\/product_brand?post=3989"},{"taxonomy":"product_cat","embeddable":true,"href":"https:\/\/www.promostore.com.ar\/web\/wp-json\/wp\/v2\/product_cat?post=3989"},{"taxonomy":"product_tag","embeddable":true,"href":"https:\/\/www.promostore.com.ar\/web\/wp-json\/wp\/v2\/product_tag?post=3989"}],"curies":[{"name":"wp","href":"https:\/\/api.w.org\/{rel}","templated":true}]}}