{"id":3997,"date":"2026-04-03T08:52:01","date_gmt":"2026-04-03T11:52:01","guid":{"rendered":"https:\/\/www.promostore.com.ar\/web\/producto\/organizador-tech\/"},"modified":"2026-04-29T20:50:00","modified_gmt":"2026-04-29T23:50:00","slug":"organizador-tech","status":"publish","type":"product","link":"https:\/\/www.promostore.com.ar\/web\/producto\/organizador-tech\/","title":{"rendered":"Organizador Tech"},"content":{"rendered":"<p>Organizador de pl\u00e1stico reciclado oce\u00e1nico. Fabricado con OceanGuard\u2122, un tejido resistente, repelente al agua, elaborado con pl\u00e1stico oce\u00e1nico reciclado certificado por OceanCycle. Cuenta con dos bolsillos internos de malla con cierre, asa superior y dise\u00f1o plano que permite guardarlo f\u00e1cilmente. Es ideal para organizar tecnolog\u00eda, accesorios de celular u objetos esenciales del d\u00eda a d\u00eda en viajes, traslados o uso diario.<\/p>\n<p>Capacidad: 2 litros.<\/p>\n<p>Chili Concept<\/p>\n\n    <div class=\"xs_social_share_widget xs_share_url after_content \t\tmain_content  wslu-style-1 wslu-share-box-shaped wslu-fill-colored wslu-none wslu-share-horizontal wslu-theme-font-no wslu-main_content\">\n\n\t\t\n        <ul>\n\t\t\t        <\/ul>\n    <\/div> \n","protected":false},"excerpt":{"rendered":"<p>Organizador de pl\u00e1stico reciclado oce\u00e1nico. Fabricado con OceanGuard\u2122, un tejido resistente, repelente al agua, elaborado con pl\u00e1stico oce\u00e1nico reciclado certificado por OceanCycle. Cuenta con dos bolsillos internos de malla con cierre, asa superior y dise\u00f1o plano que permite guardarlo f\u00e1cilmente. Es ideal para organizar tecnolog\u00eda, accesorios de celular u objetos esenciales del d\u00eda a d\u00eda en viajes, traslados o uso diario. Capacidad: 2 litros. Chili Concept<\/p>\n","protected":false},"featured_media":3998,"comment_status":"open","ping_status":"closed","template":"","meta":{"postBodyCss":"","postBodyMargin":[],"postBodyPadding":[],"postBodyBackground":{"backgroundType":"classic","gradient":""}},"product_brand":[],"product_cat":[347],"product_tag":[],"class_list":{"0":"post-3997","1":"product","2":"type-product","3":"status-publish","4":"has-post-thumbnail","6":"product_cat-zc-viajes","8":"first","9":"instock","10":"shipping-taxable","11":"purchasable","12":"product-type-simple"},"_links":{"self":[{"href":"https:\/\/www.promostore.com.ar\/web\/wp-json\/wp\/v2\/product\/3997","targetHints":{"allow":["GET"]}}],"collection":[{"href":"https:\/\/www.promostore.com.ar\/web\/wp-json\/wp\/v2\/product"}],"about":[{"href":"https:\/\/www.promostore.com.ar\/web\/wp-json\/wp\/v2\/types\/product"}],"replies":[{"embeddable":true,"href":"https:\/\/www.promostore.com.ar\/web\/wp-json\/wp\/v2\/comments?post=3997"}],"wp:featuredmedia":[{"embeddable":true,"href":"https:\/\/www.promostore.com.ar\/web\/wp-json\/wp\/v2\/media\/3998"}],"wp:attachment":[{"href":"https:\/\/www.promostore.com.ar\/web\/wp-json\/wp\/v2\/media?parent=3997"}],"wp:term":[{"taxonomy":"product_brand","embeddable":true,"href":"https:\/\/www.promostore.com.ar\/web\/wp-json\/wp\/v2\/product_brand?post=3997"},{"taxonomy":"product_cat","embeddable":true,"href":"https:\/\/www.promostore.com.ar\/web\/wp-json\/wp\/v2\/product_cat?post=3997"},{"taxonomy":"product_tag","embeddable":true,"href":"https:\/\/www.promostore.com.ar\/web\/wp-json\/wp\/v2\/product_tag?post=3997"}],"curies":[{"name":"wp","href":"https:\/\/api.w.org\/{rel}","templated":true}]}}