{"id":4005,"date":"2026-04-03T08:52:04","date_gmt":"2026-04-03T11:52:04","guid":{"rendered":"https:\/\/www.promostore.com.ar\/web\/producto\/power-bank-sync\/"},"modified":"2026-04-29T20:50:00","modified_gmt":"2026-04-29T23:50:00","slug":"power-bank-sync","status":"publish","type":"product","link":"https:\/\/www.promostore.com.ar\/web\/producto\/power-bank-sync\/","title":{"rendered":"Power Bank Sync"},"content":{"rendered":"<p>Power bank port\u00e1til hecho de ABS con bater\u00eda de pol\u00edmero de litio fabricado en un dise\u00f1o compacto y ligero. Cuenta con entrada Tipo-C y salida USB-A de 5V\/1A (5W de potencia m\u00e1xima), incluye cable de carga USB-A a USB-C y posee un dise\u00f1o ligero con correa para f\u00e1cil transporte. Es ideal para llevar en el bolsillo y recargar dispositivos esenciales durante salidas r\u00e1pidas, viajes o uso diario.<\/p>\n<p>Capacidad: 2.000 mAh<\/p>\n<p>Tahg<\/p>\n\n    <div class=\"xs_social_share_widget xs_share_url after_content \t\tmain_content  wslu-style-1 wslu-share-box-shaped wslu-fill-colored wslu-none wslu-share-horizontal wslu-theme-font-no wslu-main_content\">\n\n\t\t\n        <ul>\n\t\t\t        <\/ul>\n    <\/div> \n","protected":false},"excerpt":{"rendered":"<p>Power bank port\u00e1til hecho de ABS con bater\u00eda de pol\u00edmero de litio fabricado en un dise\u00f1o compacto y ligero. Cuenta con entrada Tipo-C y salida USB-A de 5V\/1A (5W de potencia m\u00e1xima), incluye cable de carga USB-A a USB-C y posee un dise\u00f1o ligero con correa para f\u00e1cil transporte. Es ideal para llevar en el bolsillo y recargar dispositivos esenciales durante salidas r\u00e1pidas, viajes o uso diario. Capacidad: 2.000 mAh Tahg<\/p>\n","protected":false},"featured_media":4006,"comment_status":"open","ping_status":"closed","template":"","meta":{"postBodyCss":"","postBodyMargin":[],"postBodyPadding":[],"postBodyBackground":{"backgroundType":"classic","gradient":""}},"product_brand":[],"product_cat":[346],"product_tag":[],"class_list":{"0":"post-4005","1":"product","2":"type-product","3":"status-publish","4":"has-post-thumbnail","6":"product_cat-zc-tecnologia","8":"first","9":"instock","10":"shipping-taxable","11":"purchasable","12":"product-type-simple"},"_links":{"self":[{"href":"https:\/\/www.promostore.com.ar\/web\/wp-json\/wp\/v2\/product\/4005","targetHints":{"allow":["GET"]}}],"collection":[{"href":"https:\/\/www.promostore.com.ar\/web\/wp-json\/wp\/v2\/product"}],"about":[{"href":"https:\/\/www.promostore.com.ar\/web\/wp-json\/wp\/v2\/types\/product"}],"replies":[{"embeddable":true,"href":"https:\/\/www.promostore.com.ar\/web\/wp-json\/wp\/v2\/comments?post=4005"}],"wp:featuredmedia":[{"embeddable":true,"href":"https:\/\/www.promostore.com.ar\/web\/wp-json\/wp\/v2\/media\/4006"}],"wp:attachment":[{"href":"https:\/\/www.promostore.com.ar\/web\/wp-json\/wp\/v2\/media?parent=4005"}],"wp:term":[{"taxonomy":"product_brand","embeddable":true,"href":"https:\/\/www.promostore.com.ar\/web\/wp-json\/wp\/v2\/product_brand?post=4005"},{"taxonomy":"product_cat","embeddable":true,"href":"https:\/\/www.promostore.com.ar\/web\/wp-json\/wp\/v2\/product_cat?post=4005"},{"taxonomy":"product_tag","embeddable":true,"href":"https:\/\/www.promostore.com.ar\/web\/wp-json\/wp\/v2\/product_tag?post=4005"}],"curies":[{"name":"wp","href":"https:\/\/api.w.org\/{rel}","templated":true}]}}