{"id":4011,"date":"2026-04-03T08:52:09","date_gmt":"2026-04-03T11:52:09","guid":{"rendered":"https:\/\/www.promostore.com.ar\/web\/producto\/cuaderno-midnight\/"},"modified":"2026-04-29T20:50:00","modified_gmt":"2026-04-29T23:50:00","slug":"cuaderno-midnight","status":"publish","type":"product","link":"https:\/\/www.promostore.com.ar\/web\/producto\/cuaderno-midnight\/","title":{"rendered":"Cuaderno Midnight"},"content":{"rendered":"<p>Cuaderno A5 fabricado en PU color gris oscuro. Cuenta con dise\u00f1o lineado en la tapa frontal, cinta se\u00f1aladora negra, 100 hojas rayadas de papel ivory y espacio para personalizaci\u00f3n. Es ideal para anotaciones diarias, uso corporativo, estudios o como regalo institucional elegante y funcional.<\/p>\n<p>The Daily Book<\/p>\n\n    <div class=\"xs_social_share_widget xs_share_url after_content \t\tmain_content  wslu-style-1 wslu-share-box-shaped wslu-fill-colored wslu-none wslu-share-horizontal wslu-theme-font-no wslu-main_content\">\n\n\t\t\n        <ul>\n\t\t\t        <\/ul>\n    <\/div> \n","protected":false},"excerpt":{"rendered":"<p>Cuaderno A5 fabricado en PU color gris oscuro. Cuenta con dise\u00f1o lineado en la tapa frontal, cinta se\u00f1aladora negra, 100 hojas rayadas de papel ivory y espacio para personalizaci\u00f3n. Es ideal para anotaciones diarias, uso corporativo, estudios o como regalo institucional elegante y funcional. The Daily Book<\/p>\n","protected":false},"featured_media":0,"comment_status":"open","ping_status":"closed","template":"","meta":{"postBodyCss":"","postBodyMargin":[],"postBodyPadding":[],"postBodyBackground":{"backgroundType":"classic","gradient":""}},"product_brand":[],"product_cat":[367],"product_tag":[],"class_list":{"0":"post-4011","1":"product","2":"type-product","3":"status-publish","5":"product_cat-zc-cuadernos","7":"first","8":"instock","9":"shipping-taxable","10":"purchasable","11":"product-type-simple"},"_links":{"self":[{"href":"https:\/\/www.promostore.com.ar\/web\/wp-json\/wp\/v2\/product\/4011","targetHints":{"allow":["GET"]}}],"collection":[{"href":"https:\/\/www.promostore.com.ar\/web\/wp-json\/wp\/v2\/product"}],"about":[{"href":"https:\/\/www.promostore.com.ar\/web\/wp-json\/wp\/v2\/types\/product"}],"replies":[{"embeddable":true,"href":"https:\/\/www.promostore.com.ar\/web\/wp-json\/wp\/v2\/comments?post=4011"}],"wp:attachment":[{"href":"https:\/\/www.promostore.com.ar\/web\/wp-json\/wp\/v2\/media?parent=4011"}],"wp:term":[{"taxonomy":"product_brand","embeddable":true,"href":"https:\/\/www.promostore.com.ar\/web\/wp-json\/wp\/v2\/product_brand?post=4011"},{"taxonomy":"product_cat","embeddable":true,"href":"https:\/\/www.promostore.com.ar\/web\/wp-json\/wp\/v2\/product_cat?post=4011"},{"taxonomy":"product_tag","embeddable":true,"href":"https:\/\/www.promostore.com.ar\/web\/wp-json\/wp\/v2\/product_tag?post=4011"}],"curies":[{"name":"wp","href":"https:\/\/api.w.org\/{rel}","templated":true}]}}