{"id":4039,"date":"2026-04-03T09:50:47","date_gmt":"2026-04-03T12:50:47","guid":{"rendered":"https:\/\/www.promostore.com.ar\/web\/producto\/chomba-cutralco\/"},"modified":"2026-04-18T07:52:52","modified_gmt":"2026-04-18T10:52:52","slug":"chomba-cutralco","status":"publish","type":"product","link":"https:\/\/www.promostore.com.ar\/web\/producto\/chomba-cutralco\/","title":{"rendered":"Chomba Cutralco"},"content":{"rendered":"<p>Chomba unisex de piqu\u00e9 210 g\/m\u00b2 confeccionada en 100 % algod\u00f3n peinado ringspun. Cuenta con cuello y pu\u00f1os acanalados con elastano, cartera reforzada con dos botones perlados al tono, cinta tapa costura en el cuello, aberturas laterales reforzadas, bot\u00f3n de repuesto cosido en la costura interna y etiquetas tejidas satinadas. Es ideal para uso corporativo, actividades promocionales, uniformes o vestimenta casual gracias a su dise\u00f1o cl\u00e1sico y calce c\u00f3modo.<\/p>\n<p>Recomendaciones de uso: Lavar a m\u00e1quina a 40\u202f\u00b0C. No usar blanqueador. No secar en m\u00e1quina. Planchar a temperatura baja. No lavar en seco.<\/p>\n<p>Pampero<\/p>\n\n    <div class=\"xs_social_share_widget xs_share_url after_content \t\tmain_content  wslu-style-1 wslu-share-box-shaped wslu-fill-colored wslu-none wslu-share-horizontal wslu-theme-font-no wslu-main_content\">\n\n\t\t\n        <ul>\n\t\t\t        <\/ul>\n    <\/div> \n","protected":false},"excerpt":{"rendered":"<p>Chomba unisex de piqu\u00e9 210 g\/m\u00b2 confeccionada en 100 % algod\u00f3n peinado ringspun. Cuenta con cuello y pu\u00f1os acanalados con elastano, cartera reforzada con dos botones perlados al tono, cinta tapa costura en el cuello, aberturas laterales reforzadas, bot\u00f3n de repuesto cosido en la costura interna y etiquetas tejidas satinadas. Es ideal para uso corporativo, actividades promocionales, uniformes o vestimenta casual gracias a su dise\u00f1o cl\u00e1sico y calce c\u00f3modo. Recomendaciones de uso: Lavar a m\u00e1quina a 40\u202f\u00b0C. No usar blanqueador. No secar en m\u00e1quina. Planchar a temperatura baja. No lavar en seco. Pampero<\/p>\n","protected":false},"featured_media":4040,"comment_status":"open","ping_status":"closed","template":"","meta":{"postBodyCss":"","postBodyMargin":[],"postBodyPadding":[],"postBodyBackground":{"backgroundType":"classic","gradient":""}},"product_brand":[],"product_cat":[316],"product_tag":[],"class_list":{"0":"post-4039","1":"product","2":"type-product","3":"status-publish","4":"has-post-thumbnail","6":"product_cat-sin-categorizar","8":"first","9":"instock","10":"shipping-taxable","11":"purchasable","12":"product-type-simple"},"_links":{"self":[{"href":"https:\/\/www.promostore.com.ar\/web\/wp-json\/wp\/v2\/product\/4039","targetHints":{"allow":["GET"]}}],"collection":[{"href":"https:\/\/www.promostore.com.ar\/web\/wp-json\/wp\/v2\/product"}],"about":[{"href":"https:\/\/www.promostore.com.ar\/web\/wp-json\/wp\/v2\/types\/product"}],"replies":[{"embeddable":true,"href":"https:\/\/www.promostore.com.ar\/web\/wp-json\/wp\/v2\/comments?post=4039"}],"wp:featuredmedia":[{"embeddable":true,"href":"https:\/\/www.promostore.com.ar\/web\/wp-json\/wp\/v2\/media\/4040"}],"wp:attachment":[{"href":"https:\/\/www.promostore.com.ar\/web\/wp-json\/wp\/v2\/media?parent=4039"}],"wp:term":[{"taxonomy":"product_brand","embeddable":true,"href":"https:\/\/www.promostore.com.ar\/web\/wp-json\/wp\/v2\/product_brand?post=4039"},{"taxonomy":"product_cat","embeddable":true,"href":"https:\/\/www.promostore.com.ar\/web\/wp-json\/wp\/v2\/product_cat?post=4039"},{"taxonomy":"product_tag","embeddable":true,"href":"https:\/\/www.promostore.com.ar\/web\/wp-json\/wp\/v2\/product_tag?post=4039"}],"curies":[{"name":"wp","href":"https:\/\/api.w.org\/{rel}","templated":true}]}}