{"id":4047,"date":"2026-04-03T09:50:51","date_gmt":"2026-04-03T12:50:51","guid":{"rendered":"https:\/\/www.promostore.com.ar\/web\/producto\/bolsa-m9-23x25x10\/"},"modified":"2026-04-18T07:52:52","modified_gmt":"2026-04-18T10:52:52","slug":"bolsa-m9-23x25x10","status":"publish","type":"product","link":"https:\/\/www.promostore.com.ar\/web\/producto\/bolsa-m9-23x25x10\/","title":{"rendered":"Bolsa M9 23x25x10"},"content":{"rendered":"<p>Bolsa reutilizable plana sin fuelle lateral, con base oval. Fabricada en friselina 80g\/m2. Cuenta con manija calada tipo ri\u00f1on. Es ideal para el d\u00eda a d\u00eda, compras ligeras o eventos promocionales.<\/p>\n<p>Tahg<\/p>\n\n    <div class=\"xs_social_share_widget xs_share_url after_content \t\tmain_content  wslu-style-1 wslu-share-box-shaped wslu-fill-colored wslu-none wslu-share-horizontal wslu-theme-font-no wslu-main_content\">\n\n\t\t\n        <ul>\n\t\t\t        <\/ul>\n    <\/div> \n","protected":false},"excerpt":{"rendered":"<p>Bolsa reutilizable plana sin fuelle lateral, con base oval. Fabricada en friselina 80g\/m2. Cuenta con manija calada tipo ri\u00f1on. Es ideal para el d\u00eda a d\u00eda, compras ligeras o eventos promocionales. Tahg<\/p>\n","protected":false},"featured_media":4048,"comment_status":"open","ping_status":"closed","template":"","meta":{"postBodyCss":"","postBodyMargin":[],"postBodyPadding":[],"postBodyBackground":{"backgroundType":"classic","gradient":""}},"product_brand":[],"product_cat":[316],"product_tag":[],"class_list":{"0":"post-4047","1":"product","2":"type-product","3":"status-publish","4":"has-post-thumbnail","6":"product_cat-sin-categorizar","8":"first","9":"instock","10":"shipping-taxable","11":"purchasable","12":"product-type-simple"},"_links":{"self":[{"href":"https:\/\/www.promostore.com.ar\/web\/wp-json\/wp\/v2\/product\/4047","targetHints":{"allow":["GET"]}}],"collection":[{"href":"https:\/\/www.promostore.com.ar\/web\/wp-json\/wp\/v2\/product"}],"about":[{"href":"https:\/\/www.promostore.com.ar\/web\/wp-json\/wp\/v2\/types\/product"}],"replies":[{"embeddable":true,"href":"https:\/\/www.promostore.com.ar\/web\/wp-json\/wp\/v2\/comments?post=4047"}],"wp:featuredmedia":[{"embeddable":true,"href":"https:\/\/www.promostore.com.ar\/web\/wp-json\/wp\/v2\/media\/4048"}],"wp:attachment":[{"href":"https:\/\/www.promostore.com.ar\/web\/wp-json\/wp\/v2\/media?parent=4047"}],"wp:term":[{"taxonomy":"product_brand","embeddable":true,"href":"https:\/\/www.promostore.com.ar\/web\/wp-json\/wp\/v2\/product_brand?post=4047"},{"taxonomy":"product_cat","embeddable":true,"href":"https:\/\/www.promostore.com.ar\/web\/wp-json\/wp\/v2\/product_cat?post=4047"},{"taxonomy":"product_tag","embeddable":true,"href":"https:\/\/www.promostore.com.ar\/web\/wp-json\/wp\/v2\/product_tag?post=4047"}],"curies":[{"name":"wp","href":"https:\/\/api.w.org\/{rel}","templated":true}]}}