{"id":4103,"date":"2026-04-07T17:50:47","date_gmt":"2026-04-07T20:50:47","guid":{"rendered":"https:\/\/www.promostore.com.ar\/web\/producto\/jarro-greco\/"},"modified":"2026-04-18T07:52:52","modified_gmt":"2026-04-18T10:52:52","slug":"jarro-greco","status":"publish","type":"product","link":"https:\/\/www.promostore.com.ar\/web\/producto\/jarro-greco\/","title":{"rendered":"Jarro Greco"},"content":{"rendered":"<p>Jarro con compartimento superior y cuchara, fabricado en pl\u00e1stico PS con tapa de polipropileno y grip de silicona. Cuenta con domo transparente para cereales o toppings y cuchara incluida. Es ideal para desayunos saludables y pr\u00e1cticos fuera de casa, en la oficina o en viajes.<\/p>\n<p>Capacidad: 400 ml (jarro) + 130 ml (domo)<br \/>\nDimensiones: 15.8 \u00d7 9 cm (di\u00e1metro)<\/p>\n<p>TAHG<\/p>\n\n    <div class=\"xs_social_share_widget xs_share_url after_content \t\tmain_content  wslu-style-1 wslu-share-box-shaped wslu-fill-colored wslu-none wslu-share-horizontal wslu-theme-font-no wslu-main_content\">\n\n\t\t\n        <ul>\n\t\t\t        <\/ul>\n    <\/div> \n","protected":false},"excerpt":{"rendered":"<p>Jarro con compartimento superior y cuchara, fabricado en pl\u00e1stico PS con tapa de polipropileno y grip de silicona. Cuenta con domo transparente para cereales o toppings y cuchara incluida. Es ideal para desayunos saludables y pr\u00e1cticos fuera de casa, en la oficina o en viajes. Capacidad: 400 ml (jarro) + 130 ml (domo) Dimensiones: 15.8 \u00d7 9 cm (di\u00e1metro) TAHG<\/p>\n","protected":false},"featured_media":4104,"comment_status":"open","ping_status":"closed","template":"","meta":{"postBodyCss":"","postBodyMargin":[],"postBodyPadding":[],"postBodyBackground":{"backgroundType":"classic","gradient":""}},"product_brand":[],"product_cat":[316],"product_tag":[],"class_list":{"0":"post-4103","1":"product","2":"type-product","3":"status-publish","4":"has-post-thumbnail","6":"product_cat-sin-categorizar","8":"first","9":"instock","10":"shipping-taxable","11":"purchasable","12":"product-type-simple"},"_links":{"self":[{"href":"https:\/\/www.promostore.com.ar\/web\/wp-json\/wp\/v2\/product\/4103","targetHints":{"allow":["GET"]}}],"collection":[{"href":"https:\/\/www.promostore.com.ar\/web\/wp-json\/wp\/v2\/product"}],"about":[{"href":"https:\/\/www.promostore.com.ar\/web\/wp-json\/wp\/v2\/types\/product"}],"replies":[{"embeddable":true,"href":"https:\/\/www.promostore.com.ar\/web\/wp-json\/wp\/v2\/comments?post=4103"}],"wp:featuredmedia":[{"embeddable":true,"href":"https:\/\/www.promostore.com.ar\/web\/wp-json\/wp\/v2\/media\/4104"}],"wp:attachment":[{"href":"https:\/\/www.promostore.com.ar\/web\/wp-json\/wp\/v2\/media?parent=4103"}],"wp:term":[{"taxonomy":"product_brand","embeddable":true,"href":"https:\/\/www.promostore.com.ar\/web\/wp-json\/wp\/v2\/product_brand?post=4103"},{"taxonomy":"product_cat","embeddable":true,"href":"https:\/\/www.promostore.com.ar\/web\/wp-json\/wp\/v2\/product_cat?post=4103"},{"taxonomy":"product_tag","embeddable":true,"href":"https:\/\/www.promostore.com.ar\/web\/wp-json\/wp\/v2\/product_tag?post=4103"}],"curies":[{"name":"wp","href":"https:\/\/api.w.org\/{rel}","templated":true}]}}