{"id":416,"date":"2017-10-23T17:03:25","date_gmt":"2017-10-23T17:03:25","guid":{"rendered":"http:\/\/www.promostore.com.ar\/web\/?post_type=product&#038;p=416"},"modified":"2017-10-25T15:30:05","modified_gmt":"2017-10-25T15:30:05","slug":"t172-ss","status":"publish","type":"product","link":"https:\/\/www.promostore.com.ar\/web\/producto\/t172-ss\/","title":{"rendered":"T172 SS"},"content":{"rendered":"\n    <div class=\"xs_social_share_widget xs_share_url after_content \t\tmain_content  wslu-style-1 wslu-share-box-shaped wslu-fill-colored wslu-none wslu-share-horizontal wslu-theme-font-no wslu-main_content\">\n\n\t\t\n        <ul>\n\t\t\t        <\/ul>\n    <\/div> \n","protected":false},"excerpt":{"rendered":"<p>Pl\u00e1stico. 9,5 x 2,2 x 6,3 cm. Set de 1 abrochadora, 1 agujereadora y 1 repuesto de broches. Dispenser con cinta adhesiva m\u00e1s 1 repuesto. Caja pl\u00e1stica transparente<\/p>\n","protected":false},"featured_media":667,"comment_status":"open","ping_status":"closed","template":"","meta":{"postBodyCss":"","postBodyMargin":[],"postBodyPadding":[],"postBodyBackground":{"backgroundType":"classic","gradient":""}},"product_brand":[],"product_cat":[67],"product_tag":[],"class_list":{"0":"post-416","1":"product","2":"type-product","3":"status-publish","4":"has-post-thumbnail","6":"product_cat-oficina-accesorios","8":"first","9":"instock","10":"shipping-taxable","11":"purchasable","12":"product-type-simple"},"_links":{"self":[{"href":"https:\/\/www.promostore.com.ar\/web\/wp-json\/wp\/v2\/product\/416","targetHints":{"allow":["GET"]}}],"collection":[{"href":"https:\/\/www.promostore.com.ar\/web\/wp-json\/wp\/v2\/product"}],"about":[{"href":"https:\/\/www.promostore.com.ar\/web\/wp-json\/wp\/v2\/types\/product"}],"replies":[{"embeddable":true,"href":"https:\/\/www.promostore.com.ar\/web\/wp-json\/wp\/v2\/comments?post=416"}],"wp:featuredmedia":[{"embeddable":true,"href":"https:\/\/www.promostore.com.ar\/web\/wp-json\/wp\/v2\/media\/667"}],"wp:attachment":[{"href":"https:\/\/www.promostore.com.ar\/web\/wp-json\/wp\/v2\/media?parent=416"}],"wp:term":[{"taxonomy":"product_brand","embeddable":true,"href":"https:\/\/www.promostore.com.ar\/web\/wp-json\/wp\/v2\/product_brand?post=416"},{"taxonomy":"product_cat","embeddable":true,"href":"https:\/\/www.promostore.com.ar\/web\/wp-json\/wp\/v2\/product_cat?post=416"},{"taxonomy":"product_tag","embeddable":true,"href":"https:\/\/www.promostore.com.ar\/web\/wp-json\/wp\/v2\/product_tag?post=416"}],"curies":[{"name":"wp","href":"https:\/\/api.w.org\/{rel}","templated":true}]}}