{"id":4262,"date":"2026-04-14T16:59:15","date_gmt":"2026-04-14T19:59:15","guid":{"rendered":"https:\/\/www.promostore.com.ar\/web\/producto\/toalla-refresh\/"},"modified":"2026-04-17T20:52:06","modified_gmt":"2026-04-17T23:52:06","slug":"toalla-refresh","status":"publish","type":"product","link":"https:\/\/www.promostore.com.ar\/web\/producto\/toalla-refresh\/","title":{"rendered":"Toalla Refresh"},"content":{"rendered":"<p>Toalla con estuche port\u00e1til. Fabricada en poli\u00e9ster, PET y polipropileno (PP). Cuenta con toalla de secado r\u00e1pido (30 \u00d7 80 cm) y envase pl\u00e1stico con gancho incorporado para colgar o transportar f\u00e1cilmente. Es ideal para entrenamientos, actividades al aire libre o viajes, gracias a su tama\u00f1o compacto y capacidad de secado r\u00e1pido.<br \/>\nTahg.<\/p>\n\n    <div class=\"xs_social_share_widget xs_share_url after_content \t\tmain_content  wslu-style-1 wslu-share-box-shaped wslu-fill-colored wslu-none wslu-share-horizontal wslu-theme-font-no wslu-main_content\">\n\n\t\t\n        <ul>\n\t\t\t        <\/ul>\n    <\/div> \n","protected":false},"excerpt":{"rendered":"<p>Toalla con estuche port\u00e1til. Fabricada en poli\u00e9ster, PET y polipropileno (PP). Cuenta con toalla de secado r\u00e1pido (30 \u00d7 80 cm) y envase pl\u00e1stico con gancho incorporado para colgar o transportar f\u00e1cilmente. Es ideal para entrenamientos, actividades al aire libre o viajes, gracias a su tama\u00f1o compacto y capacidad de secado r\u00e1pido. Tahg.<\/p>\n","protected":false},"featured_media":4263,"comment_status":"open","ping_status":"closed","template":"","meta":{"postBodyCss":"","postBodyMargin":[],"postBodyPadding":[],"postBodyBackground":{"backgroundType":"classic","gradient":""}},"product_brand":[],"product_cat":[316],"product_tag":[],"class_list":{"0":"post-4262","1":"product","2":"type-product","3":"status-publish","4":"has-post-thumbnail","6":"product_cat-sin-categorizar","8":"first","9":"instock","10":"shipping-taxable","11":"purchasable","12":"product-type-simple"},"_links":{"self":[{"href":"https:\/\/www.promostore.com.ar\/web\/wp-json\/wp\/v2\/product\/4262","targetHints":{"allow":["GET"]}}],"collection":[{"href":"https:\/\/www.promostore.com.ar\/web\/wp-json\/wp\/v2\/product"}],"about":[{"href":"https:\/\/www.promostore.com.ar\/web\/wp-json\/wp\/v2\/types\/product"}],"replies":[{"embeddable":true,"href":"https:\/\/www.promostore.com.ar\/web\/wp-json\/wp\/v2\/comments?post=4262"}],"wp:featuredmedia":[{"embeddable":true,"href":"https:\/\/www.promostore.com.ar\/web\/wp-json\/wp\/v2\/media\/4263"}],"wp:attachment":[{"href":"https:\/\/www.promostore.com.ar\/web\/wp-json\/wp\/v2\/media?parent=4262"}],"wp:term":[{"taxonomy":"product_brand","embeddable":true,"href":"https:\/\/www.promostore.com.ar\/web\/wp-json\/wp\/v2\/product_brand?post=4262"},{"taxonomy":"product_cat","embeddable":true,"href":"https:\/\/www.promostore.com.ar\/web\/wp-json\/wp\/v2\/product_cat?post=4262"},{"taxonomy":"product_tag","embeddable":true,"href":"https:\/\/www.promostore.com.ar\/web\/wp-json\/wp\/v2\/product_tag?post=4262"}],"curies":[{"name":"wp","href":"https:\/\/api.w.org\/{rel}","templated":true}]}}