{"id":479,"date":"2017-10-23T19:39:59","date_gmt":"2017-10-23T19:39:59","guid":{"rendered":"http:\/\/www.promostore.com.ar\/web\/?post_type=product&#038;p=479"},"modified":"2017-10-25T16:28:32","modified_gmt":"2017-10-25T16:28:32","slug":"klein-df","status":"publish","type":"product","link":"https:\/\/www.promostore.com.ar\/web\/producto\/klein-df\/","title":{"rendered":"KLEIN DF"},"content":{"rendered":"\n    <div class=\"xs_social_share_widget xs_share_url after_content \t\tmain_content  wslu-style-1 wslu-share-box-shaped wslu-fill-colored wslu-none wslu-share-horizontal wslu-theme-font-no wslu-main_content\">\n\n\t\t\n        <ul>\n\t\t\t        <\/ul>\n    <\/div> \n","protected":false},"excerpt":{"rendered":"<p>\u00abParaguas confeccionado en Pongee 190T de alta resistencia, impermeabilidad y calidad.<br \/>\nPosee un robusto marco de 8 varillas de apertura y cierre autom\u00e1tico, realizado<br \/>\ncon un material exclusivo que combina fibra de vidrio y pl\u00e1stico super ligero<br \/>\nque le brinda durabilidad y no atrae rayos. Mango de pl\u00e1stico cubierto con una goma,<br \/>\nde dise\u00f1o anat\u00f3mico para un agarre c\u00f3modo y no deslizante en condiciones de humedad.<br \/>\nIncluye funda.<br \/>\nLongitud 65 cm &#8211; Di\u00e1metro 105 cm..\u00bb<\/p>\n","protected":false},"featured_media":701,"comment_status":"open","ping_status":"closed","template":"","meta":{"postBodyCss":"","postBodyMargin":[],"postBodyPadding":[],"postBodyBackground":{"backgroundType":"classic","gradient":""}},"product_brand":[],"product_cat":[71],"product_tag":[],"class_list":{"0":"post-479","1":"product","2":"type-product","3":"status-publish","4":"has-post-thumbnail","6":"product_cat-paraguas-golf","8":"first","9":"instock","10":"shipping-taxable","11":"purchasable","12":"product-type-simple"},"_links":{"self":[{"href":"https:\/\/www.promostore.com.ar\/web\/wp-json\/wp\/v2\/product\/479","targetHints":{"allow":["GET"]}}],"collection":[{"href":"https:\/\/www.promostore.com.ar\/web\/wp-json\/wp\/v2\/product"}],"about":[{"href":"https:\/\/www.promostore.com.ar\/web\/wp-json\/wp\/v2\/types\/product"}],"replies":[{"embeddable":true,"href":"https:\/\/www.promostore.com.ar\/web\/wp-json\/wp\/v2\/comments?post=479"}],"wp:featuredmedia":[{"embeddable":true,"href":"https:\/\/www.promostore.com.ar\/web\/wp-json\/wp\/v2\/media\/701"}],"wp:attachment":[{"href":"https:\/\/www.promostore.com.ar\/web\/wp-json\/wp\/v2\/media?parent=479"}],"wp:term":[{"taxonomy":"product_brand","embeddable":true,"href":"https:\/\/www.promostore.com.ar\/web\/wp-json\/wp\/v2\/product_brand?post=479"},{"taxonomy":"product_cat","embeddable":true,"href":"https:\/\/www.promostore.com.ar\/web\/wp-json\/wp\/v2\/product_cat?post=479"},{"taxonomy":"product_tag","embeddable":true,"href":"https:\/\/www.promostore.com.ar\/web\/wp-json\/wp\/v2\/product_tag?post=479"}],"curies":[{"name":"wp","href":"https:\/\/api.w.org\/{rel}","templated":true}]}}