{"id":548,"date":"2017-10-23T22:33:13","date_gmt":"2017-10-23T22:33:13","guid":{"rendered":"http:\/\/www.promostore.com.ar\/web\/?post_type=product&#038;p=548"},"modified":"2017-11-04T11:36:11","modified_gmt":"2017-11-04T11:36:11","slug":"mochila-stadt","status":"publish","type":"product","link":"https:\/\/www.promostore.com.ar\/web\/producto\/mochila-stadt\/","title":{"rendered":"MOCHILA STADT"},"content":{"rendered":"\n    <div class=\"xs_social_share_widget xs_share_url after_content \t\tmain_content  wslu-style-1 wslu-share-box-shaped wslu-fill-colored wslu-none wslu-share-horizontal wslu-theme-font-no wslu-main_content\">\n\n\t\t\n        <ul>\n\t\t\t        <\/ul>\n    <\/div> \n","protected":false},"excerpt":{"rendered":"<p>\u00abMochila dise\u00f1ada en 1680D Poli\u00e9ster combinada con Mini Ripstop con detalle en gamuza.<br \/>\nPosee un compartimento principal integrado para notebook debidamente acolchado para mayor seguridad.<br \/>\nEl bolsillo frontal incluye un organizador para tel\u00e9fonos m\u00f3viles, iPods u otros objetos.<br \/>\nEn la parte superior, contiene un bolsillo de fieltro resistente a rayaduras, ideal para lentes o tel\u00e9fonos m\u00f3viles con pantalla t\u00e1ctil.<br \/>\nPosee 2 bolsillos laterales con cremallera.<br \/>\nCorreas para hombro acolchonadas.<\/p>\n<p>Medidas: 47 x 30 x 20 cm<br \/>\nCapacidad 29 lts\u00bb<\/p>\n","protected":false},"featured_media":774,"comment_status":"open","ping_status":"closed","template":"","meta":{"postBodyCss":"","postBodyMargin":[],"postBodyPadding":[],"postBodyBackground":{"backgroundType":"classic","gradient":""}},"product_brand":[],"product_cat":[97,85],"product_tag":[],"class_list":{"0":"post-548","1":"product","2":"type-product","3":"status-publish","4":"has-post-thumbnail","6":"product_cat-regalos-empresariales","7":"product_cat-marcas-wagner","9":"first","10":"instock","11":"shipping-taxable","12":"purchasable","13":"product-type-simple"},"_links":{"self":[{"href":"https:\/\/www.promostore.com.ar\/web\/wp-json\/wp\/v2\/product\/548","targetHints":{"allow":["GET"]}}],"collection":[{"href":"https:\/\/www.promostore.com.ar\/web\/wp-json\/wp\/v2\/product"}],"about":[{"href":"https:\/\/www.promostore.com.ar\/web\/wp-json\/wp\/v2\/types\/product"}],"replies":[{"embeddable":true,"href":"https:\/\/www.promostore.com.ar\/web\/wp-json\/wp\/v2\/comments?post=548"}],"wp:featuredmedia":[{"embeddable":true,"href":"https:\/\/www.promostore.com.ar\/web\/wp-json\/wp\/v2\/media\/774"}],"wp:attachment":[{"href":"https:\/\/www.promostore.com.ar\/web\/wp-json\/wp\/v2\/media?parent=548"}],"wp:term":[{"taxonomy":"product_brand","embeddable":true,"href":"https:\/\/www.promostore.com.ar\/web\/wp-json\/wp\/v2\/product_brand?post=548"},{"taxonomy":"product_cat","embeddable":true,"href":"https:\/\/www.promostore.com.ar\/web\/wp-json\/wp\/v2\/product_cat?post=548"},{"taxonomy":"product_tag","embeddable":true,"href":"https:\/\/www.promostore.com.ar\/web\/wp-json\/wp\/v2\/product_tag?post=548"}],"curies":[{"name":"wp","href":"https:\/\/api.w.org\/{rel}","templated":true}]}}