{"id":550,"date":"2017-10-23T22:34:35","date_gmt":"2017-10-23T22:34:35","guid":{"rendered":"http:\/\/www.promostore.com.ar\/web\/?post_type=product&#038;p=550"},"modified":"2017-11-04T11:35:51","modified_gmt":"2017-11-04T11:35:51","slug":"portfolio-stark","status":"publish","type":"product","link":"https:\/\/www.promostore.com.ar\/web\/producto\/portfolio-stark\/","title":{"rendered":"PORTFOLIO STARK"},"content":{"rendered":"\n    <div class=\"xs_social_share_widget xs_share_url after_content \t\tmain_content  wslu-style-1 wslu-share-box-shaped wslu-fill-colored wslu-none wslu-share-horizontal wslu-theme-font-no wslu-main_content\">\n\n\t\t\n        <ul>\n\t\t\t        <\/ul>\n    <\/div> \n","protected":false},"excerpt":{"rendered":"<p>Exclusivo portfolio tipo malet\u00edn confeccionado en cuero ecol\u00f3gico de primera calidad. Posee 2 asas para mejor maniobrabilidad con opci\u00f3n de ocultarse. Para proteger el contenido, contiene un importante cierre N\u00ba10 con zipper met\u00e1lico de exclusivo formato. Presenta un gran dise\u00f1o exterior con 2 bolsillos. En su interior, cuenta con dos bolsillos, un compartimento con cierre, 6 porta-tarjetas y varios organizadores para bol\u00edgrafos, pendrives y\/o cualquier material de librer\u00eda. Para una mejor organizaci\u00f3n interna, cuenta con un soporte para block de hojas (incluye anotador) y con sistema de 3 ganchos para hojas con anillos (ambas para hojas A4). Si usted necesita almacenar papeles, documentos, obra de arte o fotograf\u00edas, es el portfolio m\u00e1s adecuado para usted. Medidas: 36,5 x 28,5 x 4 cms.<\/p>\n","protected":false},"featured_media":778,"comment_status":"open","ping_status":"closed","template":"","meta":{"postBodyCss":"","postBodyMargin":[],"postBodyPadding":[],"postBodyBackground":{"backgroundType":"classic","gradient":""}},"product_brand":[],"product_cat":[97,85],"product_tag":[],"class_list":{"0":"post-550","1":"product","2":"type-product","3":"status-publish","4":"has-post-thumbnail","6":"product_cat-regalos-empresariales","7":"product_cat-marcas-wagner","9":"first","10":"instock","11":"shipping-taxable","12":"purchasable","13":"product-type-simple"},"_links":{"self":[{"href":"https:\/\/www.promostore.com.ar\/web\/wp-json\/wp\/v2\/product\/550","targetHints":{"allow":["GET"]}}],"collection":[{"href":"https:\/\/www.promostore.com.ar\/web\/wp-json\/wp\/v2\/product"}],"about":[{"href":"https:\/\/www.promostore.com.ar\/web\/wp-json\/wp\/v2\/types\/product"}],"replies":[{"embeddable":true,"href":"https:\/\/www.promostore.com.ar\/web\/wp-json\/wp\/v2\/comments?post=550"}],"wp:featuredmedia":[{"embeddable":true,"href":"https:\/\/www.promostore.com.ar\/web\/wp-json\/wp\/v2\/media\/778"}],"wp:attachment":[{"href":"https:\/\/www.promostore.com.ar\/web\/wp-json\/wp\/v2\/media?parent=550"}],"wp:term":[{"taxonomy":"product_brand","embeddable":true,"href":"https:\/\/www.promostore.com.ar\/web\/wp-json\/wp\/v2\/product_brand?post=550"},{"taxonomy":"product_cat","embeddable":true,"href":"https:\/\/www.promostore.com.ar\/web\/wp-json\/wp\/v2\/product_cat?post=550"},{"taxonomy":"product_tag","embeddable":true,"href":"https:\/\/www.promostore.com.ar\/web\/wp-json\/wp\/v2\/product_tag?post=550"}],"curies":[{"name":"wp","href":"https:\/\/api.w.org\/{rel}","templated":true}]}}