{"id":66,"date":"2017-09-17T13:12:55","date_gmt":"2017-09-17T13:12:55","guid":{"rendered":"http:\/\/www.promostore.com.ar\/web\/?post_type=product&#038;p=66"},"modified":"2020-08-07T18:54:38","modified_gmt":"2020-08-07T18:54:38","slug":"jarros-mugg-me","status":"publish","type":"product","link":"https:\/\/www.promostore.com.ar\/web\/producto\/jarros-mugg-me\/","title":{"rendered":"JARRO TERMICO MUGG ME"},"content":{"rendered":"<p>Jarros t\u00e9rmicos<br \/>\nDoble capa<br \/>\nCapacidad 350cc<br \/>\nCuerpo pl\u00e1stico r\u00edgido terminaci\u00f3n brillante<br \/>\nTapa y agarradera de goma siliconada.<br \/>\n9 colores de linea<\/p>\n\n    <div class=\"xs_social_share_widget xs_share_url after_content \t\tmain_content  wslu-style-1 wslu-share-box-shaped wslu-fill-colored wslu-none wslu-share-horizontal wslu-theme-font-no wslu-main_content\">\n\n\t\t\n        <ul>\n\t\t\t        <\/ul>\n    <\/div> \n","protected":false},"excerpt":{"rendered":"<p>Jarros t\u00e9rmicos<br \/>\nDoble capa<br \/>\nCapacidad 350cc<br \/>\nCuerpo pl\u00e1stico r\u00edgido terminaci\u00f3n brillante<br \/>\nTapa y agarradera de goma siliconada.<br \/>\n9 colores de linea<\/p>\n","protected":false},"featured_media":1207,"comment_status":"open","ping_status":"closed","template":"","meta":{"postBodyCss":"","postBodyMargin":[],"postBodyPadding":[],"postBodyBackground":{"backgroundType":"classic","gradient":""}},"product_brand":[],"product_cat":[188,23,98,41,28,97,42],"product_tag":[162,163,114,160,113],"class_list":{"0":"post-66","1":"product","2":"type-product","3":"status-publish","4":"has-post-thumbnail","6":"product_cat-productos-propios-2","7":"product_cat-hogar-bazar","8":"product_cat-merchandising","9":"product_cat-novedades","10":"product_cat-hogar-objetos-originales","11":"product_cat-regalos-empresariales","12":"product_cat-tiempo-libre-termicos","13":"product_tag-cafe","14":"product_tag-jarros","15":"product_tag-jarros-termicos","16":"product_tag-vaso-con-tapa","17":"product_tag-vasos-termicos","19":"first","20":"instock","21":"shipping-taxable","22":"purchasable","23":"product-type-simple"},"_links":{"self":[{"href":"https:\/\/www.promostore.com.ar\/web\/wp-json\/wp\/v2\/product\/66","targetHints":{"allow":["GET"]}}],"collection":[{"href":"https:\/\/www.promostore.com.ar\/web\/wp-json\/wp\/v2\/product"}],"about":[{"href":"https:\/\/www.promostore.com.ar\/web\/wp-json\/wp\/v2\/types\/product"}],"replies":[{"embeddable":true,"href":"https:\/\/www.promostore.com.ar\/web\/wp-json\/wp\/v2\/comments?post=66"}],"wp:featuredmedia":[{"embeddable":true,"href":"https:\/\/www.promostore.com.ar\/web\/wp-json\/wp\/v2\/media\/1207"}],"wp:attachment":[{"href":"https:\/\/www.promostore.com.ar\/web\/wp-json\/wp\/v2\/media?parent=66"}],"wp:term":[{"taxonomy":"product_brand","embeddable":true,"href":"https:\/\/www.promostore.com.ar\/web\/wp-json\/wp\/v2\/product_brand?post=66"},{"taxonomy":"product_cat","embeddable":true,"href":"https:\/\/www.promostore.com.ar\/web\/wp-json\/wp\/v2\/product_cat?post=66"},{"taxonomy":"product_tag","embeddable":true,"href":"https:\/\/www.promostore.com.ar\/web\/wp-json\/wp\/v2\/product_tag?post=66"}],"curies":[{"name":"wp","href":"https:\/\/api.w.org\/{rel}","templated":true}]}}